{"id":166,"date":"2022-04-18T14:10:58","date_gmt":"2022-04-18T12:10:58","guid":{"rendered":"https:\/\/keineshowfuertaeter.noblogs.org\/?page_id=166"},"modified":"2022-05-14T12:14:12","modified_gmt":"2022-05-14T10:14:12","slug":"luke-mockridge","status":"publish","type":"page","link":"https:\/\/keineshowfuertaeter.noblogs.org\/de\/luke-mockridge\/","title":{"rendered":"Luke Mockridge"},"content":{"rendered":"<p><strong>Wir rufen zu bundesweiten dezentralen Aktionen und Gegenprotesten auf!<\/strong> Werdet kreativ und laut!<\/p>\n<p>Wir werden euch Material in Form von Designs, Plakaten, Flyern, Aufruf und Stencils zur Verf\u00fcgung stellen.<\/p>\n<div id=\"magicdomid47\" class=\"ace-line\"><span class=\"author-a-z81zz79z4qz72zz82zacz72zz87zz70z8ez87z22\">Anstatt seine Energie in Aufarbeitung seines mehrfach sexuell \u00fcbergriffigen Verhaltens zu investieren, widmet Luke Mockridge seine Zeit die Betroffenen und Personen mundtot zu machen und geht <\/span><span class=\"author-a-0tqsz77z1cz66zhz84zz84zz70zyz88zz69zz80z\">gegen diese\u00a0<\/span><span class=\"author-a-z81zz79z4qz72zz82zacz72zz87zz70z8ez87z22\">gerichtlich vor. Als w\u00e4re das nicht genug, l\u00e4uft seine Karriere weiter wie bisher und er gibt bekannt 2022 auf gro\u00dfe Deutschland Tour zu gehen.<\/span><\/div>\n<div><\/div>\n<div id=\"magicdomid48\" class=\"ace-line\"><span class=\"author-a-z81zz79z4qz72zz82zacz72zz87zz70z8ez87z22\"><strong>Das m\u00f6chten wir auf keinen Fall unbeantwortet lassen.<\/strong> Wir m\u00f6chten nicht, dass dieser Typ ungest\u00f6rt seine Auftritte machen kann. Er steht an dieser Stelle f\u00fcr unz\u00e4hlige M\u00e4nner, die tagt\u00e4glich ihre Macht missbrauchen und als Gewinner des Patriacharts hervorgehen. Ohne Konsequenzen f\u00fcr ihr <\/span><span class=\"author-a-0tqsz77z1cz66zhz84zz84zz70zyz88zz69zz80z\">Fehlv<\/span><span class=\"author-a-z81zz79z4qz72zz82zacz72zz87zz70z8ez87z22\">erhalten stehen sie weiter in der \u00d6ffentlichkeit, gehen ihrem Beruf nach und Leben ihr leben. <strong>Das macht uns w\u00fctend!<\/strong><\/span><\/div>\n<div id=\"magicdomid49\" class=\"ace-line\"><\/div>\n<div id=\"magicdomid50\" class=\"ace-line\"><strong><span class=\"author-a-z81zz79z4qz72zz82zacz72zz87zz70z8ez87z22\">Wir fordern\u00a0<\/span><span class=\"author-a-0tqsz77z1cz66zhz84zz84zz70zyz88zz69zz80z\">keine B\u00fchne f\u00fcr T\u00e4ter.<\/span><\/strong><\/div>\n<div id=\"magicdomid51\" class=\"ace-line\"><\/div>\n<div id=\"magicdomid52\" class=\"ace-line\"><span style=\"color: var(--global--color-primary);font-family: var(--global--font-secondary);font-size: var(--global--font-size-base);background-color: var(--global--color-background)\">Es bilden sich Gruppen in den ersten St\u00e4dten zur Organisation zu Aktionen.<\/span><\/div>\n<div><\/div>\n<div class=\"ace-line\"><span class=\"author-a-z81zz79z4qz72zz82zacz72zz87zz70z8ez87z22\" style=\"color: var(--global--color-primary);font-family: var(--global--font-secondary);font-size: var(--global--font-size-base);background-color: var(--global--color-background)\">Erscheint zahlreich, erscheint w\u00fctend, lasst uns ihm und seinen Fans zeigen, was wir davon halten<\/span><span class=\"author-a-0tqsz77z1cz66zhz84zz84zz70zyz88zz69zz80z\" style=\"color: var(--global--color-primary);font-family: var(--global--font-secondary);font-size: var(--global--font-size-base);background-color: var(--global--color-background)\">, dass dieser peinliche Clown weiter auftritt und sich keiner Schuld bewusst ist<\/span><span class=\"author-a-z81zz79z4qz72zz82zacz72zz87zz70z8ez87z22\" style=\"color: var(--global--color-primary);font-family: var(--global--font-secondary);font-size: var(--global--font-size-base);background-color: var(--global--color-background)\">!<\/span><\/div>\n<p><strong>DATEN:<\/strong><\/p>\n<p>22. April, Innsbruck, Olympiahalle<\/p>\n<p><em>29. April, Kiel, Wunderino Arena <strong>PROTEST\u00a0<\/strong><\/em><\/p>\n<p>04. + 05. Mai, M\u00fcnchen, Olympiahalle<\/p>\n<p><em>06. Mai, Hannover, ZAG Arena <strong>PROTEST\u00a0<\/strong><\/em><\/p>\n<p>07. + 08. Mai, K\u00f6ln, Lanxess Arena<\/p>\n<p><em>12. + 13. Mai, Bremen, \u00d6VB Arena <strong>PROTEST\u00a0<\/strong><\/em><\/p>\n<p><em>14. + 15. Mai, Hamburg, Barclays Arena <strong>AKTION<\/strong><\/em><\/p>\n<p><em>18. Mai, Leipzig, Quarterback <strong>PROTEST\u00a0<\/strong><\/em><\/p>\n<p><em>19. Mai, Donnerstag 20:00, Berlin Mercedes-Benz Arena <strong>PROTEST\u00a0<\/strong><\/em><\/p>\n<p><em>21. + 22. Mai, Dresden, Messe Dresden <strong>PROTEST\u00a0<\/strong><\/em><\/p>\n<p>26. + 27. Mai, Mannheim, SAP Arena<\/p>\n<p><em>29. Mai, Z\u00fcrich, Schweiz, Hallenstadion <strong>PROTEST\u00a0<\/strong><\/em><\/p>\n<p>31. Mai + 01. Juni, Erfurt, Messehalle<\/p>\n<p>02. + 03. Juni, Stuttgart, Hanns-Martin-Schleyer-Halle<\/p>\n<p>09. + 10. Juni, Oberhausen, Rudolf-Weber-Arena<\/p>\n<p>11. Juni, D\u00fcsseldorf, PSD Bank Dome<\/p>\n<p>21. + 22. Juni, N\u00fcrnberg, Arena N\u00fcrnberger<\/p>\n<p>23. Juni, Wien, Stadthalle<\/p>\n<p>30. Juni + 01. Juli, Kempten, bigBOX<\/p>\n<p>02. + 03. Juli, Passau, Dreil\u00e4nderhalle<\/p>\n<p>08. + 09. Juli, Frankfurt, Festhalle<\/p>\n<p>10. Juli, Bremen Seeb\u00fchne<\/p>\n<p><span style=\"background-color: var(--global--color-background);color: var(--global--color-primary);font-family: var(--global--font-secondary);font-size: var(--global--font-size-base)\">11. Juli, Cuxhafen, Kugelbakehalle\u00a0<\/span><\/p>\n<p><span class=\"author-a-0tqsz77z1cz66zhz84zz84zz70zyz88zz69zz80z\">12. Juli, Osterholz-Scharmbeck, Stadthalle<\/span><\/p>\n","protected":false},"excerpt":{"rendered":"<p>Wir rufen zu bundesweiten dezentralen Aktionen und Gegenprotesten auf! Werdet kreativ und laut! Wir werden euch Material in Form von Designs, Plakaten, Flyern, Aufruf und Stencils zur Verf\u00fcgung stellen. Anstatt seine Energie in Aufarbeitung seines mehrfach sexuell \u00fcbergriffigen Verhaltens zu investieren, widmet Luke Mockridge seine Zeit die Betroffenen und Personen mundtot zu machen und geht&hellip; <a class=\"more-link\" href=\"https:\/\/keineshowfuertaeter.noblogs.org\/de\/luke-mockridge\/\"><span class=\"screen-reader-text\">Luke Mockridge<\/span> weiterlesen<\/a><\/p>\n","protected":false},"author":17597,"featured_media":58,"parent":0,"menu_order":0,"comment_status":"closed","ping_status":"closed","template":"","meta":{"_locale":"de_DE","_original_post":"https:\/\/keineshowfuertaeter.noblogs.org\/?page_id=166","footnotes":""},"class_list":["post-166","page","type-page","status-publish","has-post-thumbnail","hentry","de-DE","entry"],"_links":{"self":[{"href":"https:\/\/keineshowfuertaeter.noblogs.org\/wp-json\/wp\/v2\/pages\/166","targetHints":{"allow":["GET"]}}],"collection":[{"href":"https:\/\/keineshowfuertaeter.noblogs.org\/wp-json\/wp\/v2\/pages"}],"about":[{"href":"https:\/\/keineshowfuertaeter.noblogs.org\/wp-json\/wp\/v2\/types\/page"}],"author":[{"embeddable":true,"href":"https:\/\/keineshowfuertaeter.noblogs.org\/wp-json\/wp\/v2\/users\/17597"}],"replies":[{"embeddable":true,"href":"https:\/\/keineshowfuertaeter.noblogs.org\/wp-json\/wp\/v2\/comments?post=166"}],"version-history":[{"count":7,"href":"https:\/\/keineshowfuertaeter.noblogs.org\/wp-json\/wp\/v2\/pages\/166\/revisions"}],"predecessor-version":[{"id":284,"href":"https:\/\/keineshowfuertaeter.noblogs.org\/wp-json\/wp\/v2\/pages\/166\/revisions\/284"}],"wp:featuredmedia":[{"embeddable":true,"href":"https:\/\/keineshowfuertaeter.noblogs.org\/wp-json\/wp\/v2\/media\/58"}],"wp:attachment":[{"href":"https:\/\/keineshowfuertaeter.noblogs.org\/wp-json\/wp\/v2\/media?parent=166"}],"curies":[{"name":"wp","href":"https:\/\/api.w.org\/{rel}","templated":true}]}}