{"id":204,"date":"2022-04-26T10:35:01","date_gmt":"2022-04-26T08:35:01","guid":{"rendered":"https:\/\/keineshowfuertaeter.noblogs.org\/?page_id=204"},"modified":"2023-08-22T12:27:50","modified_gmt":"2023-08-22T10:27:50","slug":"beitrage","status":"publish","type":"page","link":"https:\/\/keineshowfuertaeter.noblogs.org\/de\/beitrage\/","title":{"rendered":"Beitr\u00e4ge"},"content":{"rendered":"<h3 style=\"text-align: center\"><strong><a href=\"https:\/\/keineshowfuertaeter.noblogs.org\/de\/taterschutz\/\">T\u00e4terschutz<\/a><\/strong><\/h3>\n<h3 style=\"text-align: center\"><strong><a href=\"https:\/\/keineshowfuertaeter.noblogs.org\/de\/statement-zu-social-media-und-taterschutz\/\">Statement zu Social Media und T\u00e4terschutz<\/a><\/strong><\/h3>\n<h3 style=\"text-align: center\"><strong><a href=\"https:\/\/keineshowfuertaeter.noblogs.org\/de\/stellungnahme-zu-einer-berichterstattung\/\">Stellungnahme zu einer Berichterstattung<\/a><\/strong><\/h3>\n<h3 style=\"text-align: center\"><strong><a href=\"https:\/\/keineshowfuertaeter.noblogs.org\/de\/outcall-uber-die-vergewaltigungskultur-in-der-kopi\/\">Outcall \u00fcber die Vergewaltigungskultur in der K\u00f6pi<\/a><\/strong><\/h3>\n<h3 style=\"text-align: center\"><strong><a href=\"https:\/\/keineshowfuertaeter.noblogs.org\/de\/statement-der-betroffenen-zum-text-im-buch-oh-boy\/\">Statement der Betroffenen zum Text im Buch Oh Boy<\/a><\/strong><\/h3>\n<hr \/>\n<p>&nbsp;<\/p>\n","protected":false},"excerpt":{"rendered":"<p>T\u00e4terschutz Statement zu Social Media und T\u00e4terschutz Stellungnahme zu einer Berichterstattung Outcall \u00fcber die Vergewaltigungskultur in der K\u00f6pi Statement der Betroffenen zum Text im Buch Oh Boy &nbsp;<\/p>\n","protected":false},"author":17597,"featured_media":0,"parent":0,"menu_order":0,"comment_status":"closed","ping_status":"closed","template":"","meta":{"_locale":"de_DE","_original_post":"https:\/\/keineshowfuertaeter.noblogs.org\/?page_id=204","footnotes":""},"class_list":["post-204","page","type-page","status-publish","hentry","de-DE","entry"],"_links":{"self":[{"href":"https:\/\/keineshowfuertaeter.noblogs.org\/wp-json\/wp\/v2\/pages\/204","targetHints":{"allow":["GET"]}}],"collection":[{"href":"https:\/\/keineshowfuertaeter.noblogs.org\/wp-json\/wp\/v2\/pages"}],"about":[{"href":"https:\/\/keineshowfuertaeter.noblogs.org\/wp-json\/wp\/v2\/types\/page"}],"author":[{"embeddable":true,"href":"https:\/\/keineshowfuertaeter.noblogs.org\/wp-json\/wp\/v2\/users\/17597"}],"replies":[{"embeddable":true,"href":"https:\/\/keineshowfuertaeter.noblogs.org\/wp-json\/wp\/v2\/comments?post=204"}],"version-history":[{"count":6,"href":"https:\/\/keineshowfuertaeter.noblogs.org\/wp-json\/wp\/v2\/pages\/204\/revisions"}],"predecessor-version":[{"id":395,"href":"https:\/\/keineshowfuertaeter.noblogs.org\/wp-json\/wp\/v2\/pages\/204\/revisions\/395"}],"wp:attachment":[{"href":"https:\/\/keineshowfuertaeter.noblogs.org\/wp-json\/wp\/v2\/media?parent=204"}],"curies":[{"name":"wp","href":"https:\/\/api.w.org\/{rel}","templated":true}]}}